{"id":382,"date":"2014-09-18T14:11:06","date_gmt":"2014-09-18T14:11:06","guid":{"rendered":"http:\/\/450841.test-my-website.de\/?page_id=382"},"modified":"2020-06-16T09:57:16","modified_gmt":"2020-06-16T09:57:16","slug":"antraege-und-anfragen","status":"publish","type":"page","link":"https:\/\/gruene-reilingen.de\/?page_id=382","title":{"rendered":"Antr\u00e4ge und Anfragen"},"content":{"rendered":"<p><a href=\"https:\/\/gruene-reilingen.de\/wp-content\/uploads\/2014\/09\/Haushaltsantr\u00e4ge-2016-.pdf\">Haushaltsantr\u00e4ge 2016<\/a><\/p>\n<p><a href=\"https:\/\/gruene-reilingen.de\/wp-content\/uploads\/2014\/09\/Anfrage-zum-Einsatz-von-Pestiziden.pdf\">Anfrage zum Einsatz von Pestiziden<\/a><\/p>\n<p><a href=\"https:\/\/gruene-reilingen.de\/wp-content\/uploads\/2014\/09\/Fragen-zu-Bohrungen.pdf\">Anfrage zu den geplanten Erd\u00f6l-Bohrungen<\/a><\/p>\n<p><a href=\"https:\/\/gruene-reilingen.de\/wp-content\/uploads\/2014\/09\/Anfrage-Umfrage-E-B\u00fcrger-Portal-zum-\u00d6PNV.doc\">Anfrage Umfrage E-B\u00fcrger-Portal zum \u00d6PNV<\/a><\/p>\n<p>&nbsp;<\/p>\n","protected":false},"excerpt":{"rendered":"<p>Haushaltsantr\u00e4ge 2016 Anfrage zum Einsatz von Pestiziden Anfrage zu den geplanten Erd\u00f6l-Bohrungen Anfrage Umfrage E-B\u00fcrger-Portal zum \u00d6PNV &nbsp;<\/p>\n","protected":false},"author":2,"featured_media":0,"parent":0,"menu_order":0,"comment_status":"closed","ping_status":"closed","template":"","meta":{"footnotes":""},"class_list":["post-382","page","type-page","status-publish","hentry"],"yoast_head":"<!-- This site is optimized with the Yoast SEO plugin v27.5 - https:\/\/yoast.com\/product\/yoast-seo-wordpress\/ -->\n<title>Antr\u00e4ge und Anfragen - B\u00dcNDNIS 90\/DIE GR\u00dcNEN REILINGEN<\/title>\n<meta name=\"robots\" content=\"index, follow, max-snippet:-1, max-image-preview:large, max-video-preview:-1\" \/>\n<link rel=\"canonical\" href=\"https:\/\/gruene-reilingen.de\/?page_id=382\" \/>\n<meta property=\"og:locale\" content=\"de_DE\" \/>\n<meta property=\"og:type\" content=\"article\" \/>\n<meta property=\"og:title\" content=\"Antr\u00e4ge und Anfragen - B\u00dcNDNIS 90\/DIE GR\u00dcNEN REILINGEN\" \/>\n<meta property=\"og:description\" content=\"Haushaltsantr\u00e4ge 2016 Anfrage zum Einsatz von Pestiziden Anfrage zu den geplanten Erd\u00f6l-Bohrungen Anfrage Umfrage E-B\u00fcrger-Portal zum \u00d6PNV &nbsp;\" \/>\n<meta property=\"og:url\" content=\"https:\/\/gruene-reilingen.de\/?page_id=382\" \/>\n<meta property=\"og:site_name\" content=\"B\u00dcNDNIS 90\/DIE GR\u00dcNEN REILINGEN\" \/>\n<meta property=\"article:modified_time\" content=\"2020-06-16T09:57:16+00:00\" \/>\n<meta name=\"twitter:card\" content=\"summary_large_image\" \/>\n<script type=\"application\/ld+json\" class=\"yoast-schema-graph\">{\"@context\":\"https:\\\/\\\/schema.org\",\"@graph\":[{\"@type\":\"WebPage\",\"@id\":\"https:\\\/\\\/gruene-reilingen.de\\\/?page_id=382\",\"url\":\"https:\\\/\\\/gruene-reilingen.de\\\/?page_id=382\",\"name\":\"Antr\u00e4ge und Anfragen - B\u00dcNDNIS 90\\\/DIE GR\u00dcNEN REILINGEN\",\"isPartOf\":{\"@id\":\"https:\\\/\\\/gruene-reilingen.de\\\/#website\"},\"datePublished\":\"2014-09-18T14:11:06+00:00\",\"dateModified\":\"2020-06-16T09:57:16+00:00\",\"breadcrumb\":{\"@id\":\"https:\\\/\\\/gruene-reilingen.de\\\/?page_id=382#breadcrumb\"},\"inLanguage\":\"de\",\"potentialAction\":[{\"@type\":\"ReadAction\",\"target\":[\"https:\\\/\\\/gruene-reilingen.de\\\/?page_id=382\"]}]},{\"@type\":\"BreadcrumbList\",\"@id\":\"https:\\\/\\\/gruene-reilingen.de\\\/?page_id=382#breadcrumb\",\"itemListElement\":[{\"@type\":\"ListItem\",\"position\":1,\"name\":\"Startseite\",\"item\":\"https:\\\/\\\/gruene-reilingen.de\\\/\"},{\"@type\":\"ListItem\",\"position\":2,\"name\":\"Antr\u00e4ge und Anfragen\"}]},{\"@type\":\"WebSite\",\"@id\":\"https:\\\/\\\/gruene-reilingen.de\\\/#website\",\"url\":\"https:\\\/\\\/gruene-reilingen.de\\\/\",\"name\":\"B\u00dcNDNIS 90\\\/DIE GR\u00dcNEN REILINGEN\",\"description\":\"\",\"potentialAction\":[{\"@type\":\"SearchAction\",\"target\":{\"@type\":\"EntryPoint\",\"urlTemplate\":\"https:\\\/\\\/gruene-reilingen.de\\\/?s={search_term_string}\"},\"query-input\":{\"@type\":\"PropertyValueSpecification\",\"valueRequired\":true,\"valueName\":\"search_term_string\"}}],\"inLanguage\":\"de\"}]}<\/script>\n<!-- \/ Yoast SEO plugin. -->","yoast_head_json":{"title":"Antr\u00e4ge und Anfragen - B\u00dcNDNIS 90\/DIE GR\u00dcNEN REILINGEN","robots":{"index":"index","follow":"follow","max-snippet":"max-snippet:-1","max-image-preview":"max-image-preview:large","max-video-preview":"max-video-preview:-1"},"canonical":"https:\/\/gruene-reilingen.de\/?page_id=382","og_locale":"de_DE","og_type":"article","og_title":"Antr\u00e4ge und Anfragen - B\u00dcNDNIS 90\/DIE GR\u00dcNEN REILINGEN","og_description":"Haushaltsantr\u00e4ge 2016 Anfrage zum Einsatz von Pestiziden Anfrage zu den geplanten Erd\u00f6l-Bohrungen Anfrage Umfrage E-B\u00fcrger-Portal zum \u00d6PNV &nbsp;","og_url":"https:\/\/gruene-reilingen.de\/?page_id=382","og_site_name":"B\u00dcNDNIS 90\/DIE GR\u00dcNEN REILINGEN","article_modified_time":"2020-06-16T09:57:16+00:00","twitter_card":"summary_large_image","schema":{"@context":"https:\/\/schema.org","@graph":[{"@type":"WebPage","@id":"https:\/\/gruene-reilingen.de\/?page_id=382","url":"https:\/\/gruene-reilingen.de\/?page_id=382","name":"Antr\u00e4ge und Anfragen - B\u00dcNDNIS 90\/DIE GR\u00dcNEN REILINGEN","isPartOf":{"@id":"https:\/\/gruene-reilingen.de\/#website"},"datePublished":"2014-09-18T14:11:06+00:00","dateModified":"2020-06-16T09:57:16+00:00","breadcrumb":{"@id":"https:\/\/gruene-reilingen.de\/?page_id=382#breadcrumb"},"inLanguage":"de","potentialAction":[{"@type":"ReadAction","target":["https:\/\/gruene-reilingen.de\/?page_id=382"]}]},{"@type":"BreadcrumbList","@id":"https:\/\/gruene-reilingen.de\/?page_id=382#breadcrumb","itemListElement":[{"@type":"ListItem","position":1,"name":"Startseite","item":"https:\/\/gruene-reilingen.de\/"},{"@type":"ListItem","position":2,"name":"Antr\u00e4ge und Anfragen"}]},{"@type":"WebSite","@id":"https:\/\/gruene-reilingen.de\/#website","url":"https:\/\/gruene-reilingen.de\/","name":"B\u00dcNDNIS 90\/DIE GR\u00dcNEN REILINGEN","description":"","potentialAction":[{"@type":"SearchAction","target":{"@type":"EntryPoint","urlTemplate":"https:\/\/gruene-reilingen.de\/?s={search_term_string}"},"query-input":{"@type":"PropertyValueSpecification","valueRequired":true,"valueName":"search_term_string"}}],"inLanguage":"de"}]}},"_links":{"self":[{"href":"https:\/\/gruene-reilingen.de\/index.php?rest_route=\/wp\/v2\/pages\/382","targetHints":{"allow":["GET"]}}],"collection":[{"href":"https:\/\/gruene-reilingen.de\/index.php?rest_route=\/wp\/v2\/pages"}],"about":[{"href":"https:\/\/gruene-reilingen.de\/index.php?rest_route=\/wp\/v2\/types\/page"}],"author":[{"embeddable":true,"href":"https:\/\/gruene-reilingen.de\/index.php?rest_route=\/wp\/v2\/users\/2"}],"replies":[{"embeddable":true,"href":"https:\/\/gruene-reilingen.de\/index.php?rest_route=%2Fwp%2Fv2%2Fcomments&post=382"}],"version-history":[{"count":12,"href":"https:\/\/gruene-reilingen.de\/index.php?rest_route=\/wp\/v2\/pages\/382\/revisions"}],"predecessor-version":[{"id":1647,"href":"https:\/\/gruene-reilingen.de\/index.php?rest_route=\/wp\/v2\/pages\/382\/revisions\/1647"}],"wp:attachment":[{"href":"https:\/\/gruene-reilingen.de\/index.php?rest_route=%2Fwp%2Fv2%2Fmedia&parent=382"}],"curies":[{"name":"wp","href":"https:\/\/api.w.org\/{rel}","templated":true}]}}